{"id":1601,"date":"2024-03-24T11:56:45","date_gmt":"2024-03-24T11:56:45","guid":{"rendered":"https:\/\/mistyrose-ibex-444413.hostingersite.com\/product\/poudre-organic-de-carpolobia-lutea-cure-dent-sucre-100g\/"},"modified":"2024-07-24T12:24:21","modified_gmt":"2024-07-24T12:24:21","slug":"poudre-organic-de-carpolobia-lutea-cure-dent-sucre-100g","status":"publish","type":"product","link":"https:\/\/aphromiels.com\/fr\/produit\/poudre-organic-de-carpolobia-lutea-cure-dent-sucre-100g\/","title":{"rendered":"Poudre Organic de Carpolobia Lutea &#8211; Cure Dent Sucr\u00e9 100g"},"content":{"rendered":"<h2>&Agrave; propos de la poudre de Carpolobia Lutea, &eacute;galement connue sous le nom Cure Dent Sucr&eacute;<\/h2>\n<p>La poudre de Carpolobia Lutea, aussi connue sous le nom de cure dent sucr&eacute;, est un compl&eacute;ment naturel aux multiples bienfaits pour la sant&eacute;. Originaire d&rsquo;Afrique de l&rsquo;Ouest, cette plante est r&eacute;put&eacute;e pour ses propri&eacute;t&eacute;s m&eacute;dicinales.Elle est r&eacute;put&eacute;e pour ses propri&eacute;t&eacute;s antiparasitaires, anti-inflammatoires et antifongiques. Elle est &eacute;galement utilis&eacute;e pour soulager les maux d&rsquo;estomac, les infections cutan&eacute;es et les fi&egrave;vres.<\/p>\n<p>La poudre de Carpolobia Lutea est obtenue &agrave; partir du broyage fin des parties de la plante. Elle est riche en nutriments essentiels tels que les vitamines, les min&eacute;raux et les antioxydants. Elle peut &ecirc;tre consomm&eacute;e en tant que compl&eacute;ment alimentaire, en m&eacute;langeant une petite quantit&eacute; dans les boissons ou les aliments.<\/p>\n<p>Les bienfaits de la poudre de Carpolobia Lutea sont nombreux. Elle peut aider &agrave; renforcer le syst&egrave;me immunitaire, &agrave; favoriser la digestion, &agrave; r&eacute;duire l&rsquo;inflammation et &agrave; promouvoir le bien-&ecirc;tre g&eacute;n&eacute;ral. En raison de ses propri&eacute;t&eacute;s antiparasitaires, elle est &eacute;galement utilis&eacute;e pour traiter les infections parasitaires et les affections li&eacute;es aux parasites intestinaux.<\/p>\n<p>Avant de l&rsquo;utiliser, il est recommand&eacute; de consulter un professionnel de la sant&eacute;, en particulier si vous avez des probl&egrave;mes de sant&eacute; pr&eacute;existants ou si vous prenez des m&eacute;dicaments.<\/p>\n<p>La poudre de Carpolobia Lutea est un compl&eacute;ment naturel aux nombreux bienfaits pour la sant&eacute;. Elle est pris&eacute;e pour ses propri&eacute;t&eacute;s m&eacute;dicinales et peut &ecirc;tre utilis&eacute;e pour soutenir la digestion, renforcer le syst&egrave;me immunitaire et favoriser le bien-&ecirc;tre g&eacute;n&eacute;ral.<\/p>\n<p>Utilisation<br>\nM&eacute;langez une cuill&egrave;re &agrave; soupe de poudre de Carpolobia Lutea &agrave; une tasse d&rsquo;eau chaude. Afin d&rsquo;augmenter l&rsquo;efficaciter, ajoutez une demi-cuill&egrave;re &agrave; th&eacute; de clous de girofle moulus &agrave; votre boisson chaude.<\/p>\n<p>Conservez dans un endroit frais et sec, une fois ouvert, conservez dans un r&eacute;cipient herm&eacute;tique.<\/p>\n","protected":false},"excerpt":{"rendered":"<p>D\u00e9couvrez la poudre biologique de Carpolobia Lutea ! Riche en nutriments puissants, ce compl\u00e9ment \u00e0 base de plantes naturel offre des avantages incroyables pour la sant\u00e9 sexuelle et mentale. Renforcez votre syst\u00e8me immunitaire, am\u00e9liorez vos fonctions c\u00e9r\u00e9brales et profitez d&rsquo;une vitalit\u00e9 sexuelle accrue pour les hommes et les femmes. Adoptez les bienfaits de Carpolobia Lutea et \u00e9levez votre sant\u00e9 \u00e0 de nouveaux sommets.<\/p>\n","protected":false},"featured_media":1599,"comment_status":"open","ping_status":"closed","template":"","meta":[],"product_brand":[],"product_cat":[74],"product_tag":[],"class_list":{"0":"post-1601","1":"product","2":"type-product","3":"status-publish","4":"has-post-thumbnail","6":"product_cat-aphrodisiaques-naturels","8":"first","9":"instock","10":"shipping-taxable","11":"purchasable","12":"product-type-simple"},"_links":{"self":[{"href":"https:\/\/aphromiels.com\/fr\/wp-json\/wp\/v2\/product\/1601","targetHints":{"allow":["GET"]}}],"collection":[{"href":"https:\/\/aphromiels.com\/fr\/wp-json\/wp\/v2\/product"}],"about":[{"href":"https:\/\/aphromiels.com\/fr\/wp-json\/wp\/v2\/types\/product"}],"replies":[{"embeddable":true,"href":"https:\/\/aphromiels.com\/fr\/wp-json\/wp\/v2\/comments?post=1601"}],"wp:featuredmedia":[{"embeddable":true,"href":"https:\/\/aphromiels.com\/fr\/wp-json\/wp\/v2\/media\/1599"}],"wp:attachment":[{"href":"https:\/\/aphromiels.com\/fr\/wp-json\/wp\/v2\/media?parent=1601"}],"wp:term":[{"taxonomy":"product_brand","embeddable":true,"href":"https:\/\/aphromiels.com\/fr\/wp-json\/wp\/v2\/product_brand?post=1601"},{"taxonomy":"product_cat","embeddable":true,"href":"https:\/\/aphromiels.com\/fr\/wp-json\/wp\/v2\/product_cat?post=1601"},{"taxonomy":"product_tag","embeddable":true,"href":"https:\/\/aphromiels.com\/fr\/wp-json\/wp\/v2\/product_tag?post=1601"}],"curies":[{"name":"wp","href":"https:\/\/api.w.org\/{rel}","templated":true}]}}